{"id":7842,"date":"2026-03-04T12:38:12","date_gmt":"2026-03-04T12:38:12","guid":{"rendered":"https:\/\/revolutiongrass.net\/commercial-electronic-communication-disclosure-text\/"},"modified":"2026-03-04T12:38:12","modified_gmt":"2026-03-04T12:38:12","slug":"commercial-electronic-communication-disclosure-text","status":"publish","type":"page","link":"https:\/\/revolutiongrass.net\/en\/commercial-electronic-communication-disclosure-text\/","title":{"rendered":"COMMERCIAL ELECTRONIC COMMUNICATION DISCLOSURE TEXT"},"content":{"rendered":"<p><strong>COMMERCIAL ELECTRONIC COMMUNICATION DISCLOSURE TEXT<\/strong><\/p>\n<p>This Commercial Electronic Message Clarification Text has been prepared within the scope of the Law No. 6563 on the Regulation of Electronic Commerce (&#8220;Law No. 6563&#8221;) and the Regulation on Commercial Communication and Commercial Electronic Messages (&#8220;Regulation&#8221;), regarding commercial electronic messages sent to persons with the status of tradesmen and merchants, and in accordance with Article 10 of the Personal Data Protection Law No. 6698 (&#8220;KVKK&#8221; or &#8220;Law&#8221;) for the purpose of informing you about the collection, processing, transfer of your personal data and your rights under the KVKK. <\/p>\n<p>As NURTEKS CARPET INDUSTRY AND TRADE ANON\u0130M \u015e\u0130RKET\u0130 (&#8220;Company&#8221; or &#8220;we&#8221;), as the data controller, we process your personal data in accordance with the KVKK and the relevant legislation within the scope described below.<\/p>\n<ol>\n<li><strong>LEGAL BASIS FOR SENDING COMMERCIAL ELECTRONIC MESSAGES<\/strong><\/li>\n<\/ol>\n<p>Pursuant to Article 6 of Law No. 6563 and the relevant Regulation, it is not mandatory for tradesmen and merchants to obtain prior consent for sending commercial electronic messages. <\/p>\n<p>In this context, our Company may send commercial electronic messages to real or legal persons who have the status of tradesmen or merchants without prior approval about our activities, products and services. If you fill out the form for newsletter subscription, we will register you in the Message Management System and you can receive newsletters from us. <\/p>\n<ol start=\"2\">\n<li><strong>PERSONAL DATA WE PROCESS<\/strong><\/li>\n<\/ol>\n<table width=\"103%\">\n<tbody>\n<tr>\n<td width=\"144\"><strong>Identity Information<\/strong><\/td>\n<td width=\"480\">Your name and surname<\/td>\n<\/tr>\n<tr>\n<td width=\"144\"><strong>Contact Information<\/strong><\/td>\n<td width=\"480\">Your e-mail address<\/td>\n<\/tr>\n<tr>\n<td width=\"144\"><strong>Transaction Security Information<\/strong><\/td>\n<td width=\"480\">Your transaction information for your commercial electronic message preference<\/td>\n<\/tr>\n<\/tbody>\n<\/table>\n<p>&nbsp;<\/p>\n<ol start=\"3\">\n<li><strong>METHODS OF PROCESSING YOUR PERSONAL DATA<\/strong><\/li>\n<\/ol>\n<p>Your personal data is obtained by automated methods if you subscribe to our newsletter by submitting your e-mail address on the newsletter button on our website.<\/p>\n<ol start=\"4\">\n<li><strong>PURPOSES and LEGAL REASONS FOR PROCESSING YOUR PERSONAL DATA<\/strong><\/li>\n<\/ol>\n<p>We process your personal data based on the legal grounds specified in Article 5 of the LPPD. Our purposes for processing your personal data and the legal grounds we rely on are given below:  <\/p>\n<table width=\"104%\">\n<tbody>\n<tr>\n<td width=\"179\"><strong>Your Personal Data Processed in the Process<\/strong><\/td>\n<td width=\"274\"><strong>Purpose of Processing Personal Data<\/strong><\/td>\n<td width=\"180\"><strong>Legal grounds relied upon<\/strong><\/td>\n<\/tr>\n<tr>\n<td width=\"179\">Credentials, Contact Information<\/td>\n<td width=\"274\">Execution of marketing processes of products\/services<\/td>\n<td width=\"180\">Article 5\/2(f) of the Law: Legitimate interest of the company<\/td>\n<\/tr>\n<tr>\n<td width=\"179\">Transaction Security Information<\/td>\n<td width=\"274\">Follow-up and execution of legal affairs, execution of activities in accordance with the legislation<\/p>\n<\/td>\n<td width=\"180\">Article 5\/2(\u00e7) of the Law: Fulfillment of the Company&#8217;s legal obligation<\/td>\n<\/tr>\n<\/tbody>\n<\/table>\n<p>&nbsp;<\/p>\n<ol start=\"5\">\n<li><strong>TRANSFER OF YOUR PERSONAL DATA TO THIRD PARTIES<\/strong><\/li>\n<\/ol>\n<p>In accordance with Article 8 of the KVKK, your personal data is transferred to third parties in a purpose-related, limited and measured manner in the following cases: <\/p>\n<table>\n<tbody>\n<tr>\n<td width=\"133\"><strong>Your Transferred Personal Data<\/strong><\/td>\n<td width=\"175\"><strong>Purpose of Transfer<\/strong><\/td>\n<td width=\"151\"><strong>Buyer Group<\/strong><\/td>\n<td width=\"144\"><strong>Legal grounds relied upon<\/strong><\/td>\n<\/tr>\n<tr>\n<td width=\"133\">Knowledge of Communication, Knowledge of Transaction Security<\/td>\n<td width=\"175\">Fulfilling our legal obligations, providing information to authorized persons, institutions or organizations in this context, conducting legal processes and carrying out our activities in accordance with the legislation.<\/td>\n<td width=\"151\">Authorized persons, institutions or organizations<\/td>\n<td width=\"144\">Article 5\/2(\u00e7) of the Law: Fulfillment of the Company&#8217;s legal obligation<\/td>\n<\/tr>\n<tr>\n<td width=\"133\">Credentials, Contact Information, Transaction Security Information<\/td>\n<td width=\"175\">Receiving support from our suppliers, including those providing infrastructure and IT services, in relation to the products and services we offer<\/td>\n<td width=\"151\">Websites with our infrastructure providers<\/td>\n<td width=\"144\">Article 5\/2(f) of the Law: Legitimate interest of the company<\/td>\n<\/tr>\n<\/tbody>\n<\/table>\n<p>&nbsp;<\/p>\n<ol start=\"6\">\n<li><strong>TRANSFER OF YOUR PERSONAL DATA ABROAD<\/strong><\/li>\n<\/ol>\n<p>If the server of your e-mail address is located abroad, personal data will be transferred abroad. If you do not consent to the transfer of personal data abroad, please make sure that the servers of your e-mail address are located in Turkey. <\/p>\n<p>Your personal data will be shared with our service provider, whose servers are located abroad, limited to the reasons of from which source the leads come from; determination of those who turn into sales from the leads and making reports specific to these determinations; management of offers and orders.<\/p>\n<ol start=\"7\">\n<li><strong>RIGHT TO REFUSE COMMERCIAL ELECTRONIC COMMUNICATION<\/strong><\/li>\n<\/ol>\n<p>Tradesmen and merchants have the right to refuse to receive commercial electronic messages at any time, without any justification.<\/p>\n<p><strong> <\/strong><\/p>\n<p>The rejection request can be submitted free of charge and easily through the methods specified in the message sent or via our contact addresses specified below. Following the receipt of the rejection request by our Company, the sending of commercial electronic messages will be stopped within three (3) business days at the latest. <\/p>\n<ol start=\"8\">\n<li><strong>YOUR RIGHTS REGARDING YOUR PERSONAL DATA<\/strong><\/li>\n<\/ol>\n<p>Pursuant to the provisions of Article 11 of the Law, you have the following rights in relation to your personal data. <\/p>\n<ul>\n<li>Learn whether personal data is being processed,<\/li>\n<li>If personal data has been processed; to request information regarding this,<\/li>\n<li>To learn the purpose of processing personal data and whether they are used for their intended purpose,<\/li>\n<li>To know the third parties to whom personal data are transferred domestically or abroad,<\/li>\n<li>To request correction of personal data in case of incomplete or incorrect processing,<\/li>\n<li>Request deletion or destruction of personal data,<\/li>\n<li>In case of correction, deletion or destruction of personal data, to request notification of these transactions to third parties to whom personal data are transferred,<\/li>\n<li>To object to the occurrence of a result to the detriment of the data subject by analyzing the processed personal data exclusively through automated systems,<\/li>\n<li>In case of damage due to unlawful processing of personal data, to demand compensation for the damage.<\/li>\n<\/ul>\n<p>&nbsp;<\/p>\n<ol start=\"9\">\n<li><strong>CONTACT US<\/strong><\/li>\n<\/ol>\n<p>You can submit your questions about your personal data and your rights and requests under Article 11 of the KVKK by the following methods. <\/p>\n<table>\n<tbody>\n<tr>\n<td width=\"303\"><strong>Application Method<\/strong><\/td>\n<td width=\"301\"><strong>Application Address<\/strong><\/td>\n<\/tr>\n<tr>\n<td width=\"303\">Written Application in Person<\/td>\n<td width=\"301\">Atat\u00fcrk Cad.No.12 B2 Blok K.4 179-180-181-182-183 Door Bak\u0131rk\u00f6y\/\u0130stanbul <\/td>\n<\/tr>\n<tr>\n<td width=\"303\">Notary<\/td>\n<td width=\"301\">Atat\u00fcrk Cad.No.12 B2 Blok K.4 179-180-181-182-183 Door Bak\u0131rk\u00f6y\/\u0130stanbul <\/td>\n<\/tr>\n<tr>\n<td width=\"303\">From your e-mail address previously notified to our Company and registered in our system<\/td>\n<td width=\"301\">kvkk@nurteks.com.tr<\/td>\n<\/tr>\n<\/tbody>\n<\/table>\n<p><strong> <\/strong><\/p>\n<p><strong>Information on the Company<\/strong><\/p>\n<p><strong>Title<\/strong><br \/>\nNURTEKS CARPET INDUSTRY AND TRADE ANON\u0130M \u015e\u0130RKET\u0130<\/p>\n<p><strong>Mersis No<\/strong><br \/>\n0632004668500011<\/p>\n<p><strong>Tax Office \/ No<\/strong><br \/>\nMARMARA CORPORATIONS TAX OFFICE \/ 6320046685<\/p>\n<p>&nbsp;<\/p>\n<p><strong> <\/strong><\/p>\n","protected":false},"excerpt":{"rendered":"<div class=\"tmnf_excerpt\"><p>COMMERCIAL ELECTRONIC COMMUNICATION DISCLOSURE TEXT This Commercial Electronic Message Clarification Text has been prepared within the scope of the Law No. 6563 on the Regulation of Electronic Commerce (&#8220;Law No. 6563&#8221;) and the Regulation on Commercial Communication and Commercial Electronic Messages (&#8220;Regulation&#8221;), regarding commercial electronic messages sent to persons with the status of tradesmen and &hellip;<\/p>\n<\/div>","protected":false},"author":1,"featured_media":0,"parent":0,"menu_order":0,"comment_status":"closed","ping_status":"closed","template":"","meta":{"footnotes":""},"class_list":["post-7842","page","type-page","status-publish","hentry"],"_links":{"self":[{"href":"https:\/\/revolutiongrass.net\/en\/wp-json\/wp\/v2\/pages\/7842","targetHints":{"allow":["GET"]}}],"collection":[{"href":"https:\/\/revolutiongrass.net\/en\/wp-json\/wp\/v2\/pages"}],"about":[{"href":"https:\/\/revolutiongrass.net\/en\/wp-json\/wp\/v2\/types\/page"}],"author":[{"embeddable":true,"href":"https:\/\/revolutiongrass.net\/en\/wp-json\/wp\/v2\/users\/1"}],"replies":[{"embeddable":true,"href":"https:\/\/revolutiongrass.net\/en\/wp-json\/wp\/v2\/comments?post=7842"}],"version-history":[{"count":0,"href":"https:\/\/revolutiongrass.net\/en\/wp-json\/wp\/v2\/pages\/7842\/revisions"}],"wp:attachment":[{"href":"https:\/\/revolutiongrass.net\/en\/wp-json\/wp\/v2\/media?parent=7842"}],"curies":[{"name":"wp","href":"https:\/\/api.w.org\/{rel}","templated":true}]}}